{"id":26266,"date":"2026-04-14T17:53:13","date_gmt":"2026-04-14T20:53:13","guid":{"rendered":"https:\/\/santotomas.tv\/?page_id=26266"},"modified":"2026-04-14T17:53:13","modified_gmt":"2026-04-14T20:53:13","slug":"swap-me","status":"publish","type":"page","link":"https:\/\/santotomas.tv\/index.php\/swap-me\/","title":{"rendered":"Swap me"},"content":{"rendered":"<div  class='flex_column av-twt3kf-1acce74c3551951c5872babff05f5881 av_one_full  avia-builder-el-0  avia-builder-el-no-sibling  first flex_column_div  '     ><p><section  class='av_textblock_section av-leivisc6-d973a36a9dcb50d8e837b08d94e8a8ba '   itemscope=\"itemscope\" itemtype=\"https:\/\/schema.org\/CreativeWork\" ><div class='avia_textblock'  itemprop=\"text\" ><p><strong>SWAP ME<\/strong><\/p>\n<\/div><\/section><br \/>\n\n<style type=\"text\/css\" data-created_by=\"avia_inline_auto\" id=\"style-css-av-leel1vi6-77333b2233d231a68e2f02e4d23cd62b\">\n.avia-video.av-leel1vi6-77333b2233d231a68e2f02e4d23cd62b{\nbackground-image:url(https:\/\/santotomas.tv\/wp-content\/uploads\/2026\/04\/Swap-me-THUMB-300x200.jpg);\n}\n<\/style>\n<div  class='avia-video av-leel1vi6-77333b2233d231a68e2f02e4d23cd62b avia-video-16-9 av-preview-image avia-video-load-always av-lazyload-immediate av-lazyload-video-embed'  itemprop=\"video\" itemtype=\"https:\/\/schema.org\/VideoObject\"  data-original_url='https:\/\/vimeo.com\/1182659877'><script type='text\/html' class='av-video-tmpl'><div class='avia-iframe-wrap'><iframe loading=\"lazy\" title=\"SWAP ME\" src=\"https:\/\/player.vimeo.com\/video\/1182659877?dnt=1&amp;app_id=122963&autoplay=0&loop=0&controls=1&muted=0\" width=\"1500\" height=\"844\" frameborder=\"0\" allow=\"autoplay; fullscreen; picture-in-picture; clipboard-write; encrypted-media; web-share\" referrerpolicy=\"strict-origin-when-cross-origin\"><\/iframe><\/div><\/script><div class='av-click-to-play-overlay'><div class=\"avia_playpause_icon\"><\/div><\/div><\/div><br \/>\n<section  class='av_textblock_section av-pxfx3j-ea386500a1751c59faaf839c47caf9d0 '   itemscope=\"itemscope\" itemtype=\"https:\/\/schema.org\/CreativeWork\" ><div class='avia_textblock'  itemprop=\"text\" ><p>Duraci\u00f3n: <strong>11<\/strong>min <strong>59<\/strong>seg<\/p>\n<p>Direcci\u00f3n: Basti\u00e1n S\u00e1ez<\/p>\n<\/div><\/section><\/p><\/div>\n","protected":false},"excerpt":{"rendered":"","protected":false},"author":7,"featured_media":0,"parent":0,"menu_order":0,"comment_status":"closed","ping_status":"closed","template":"","meta":{"footnotes":""},"class_list":["post-26266","page","type-page","status-publish","hentry"],"_links":{"self":[{"href":"https:\/\/santotomas.tv\/index.php\/wp-json\/wp\/v2\/pages\/26266","targetHints":{"allow":["GET"]}}],"collection":[{"href":"https:\/\/santotomas.tv\/index.php\/wp-json\/wp\/v2\/pages"}],"about":[{"href":"https:\/\/santotomas.tv\/index.php\/wp-json\/wp\/v2\/types\/page"}],"author":[{"embeddable":true,"href":"https:\/\/santotomas.tv\/index.php\/wp-json\/wp\/v2\/users\/7"}],"replies":[{"embeddable":true,"href":"https:\/\/santotomas.tv\/index.php\/wp-json\/wp\/v2\/comments?post=26266"}],"version-history":[{"count":4,"href":"https:\/\/santotomas.tv\/index.php\/wp-json\/wp\/v2\/pages\/26266\/revisions"}],"predecessor-version":[{"id":26297,"href":"https:\/\/santotomas.tv\/index.php\/wp-json\/wp\/v2\/pages\/26266\/revisions\/26297"}],"wp:attachment":[{"href":"https:\/\/santotomas.tv\/index.php\/wp-json\/wp\/v2\/media?parent=26266"}],"curies":[{"name":"wp","href":"https:\/\/api.w.org\/{rel}","templated":true}]}}