{"id":25533,"date":"2024-03-08T21:40:50","date_gmt":"2024-03-09T00:40:50","guid":{"rendered":"https:\/\/santotomas.tv\/?page_id=25533"},"modified":"2024-03-08T21:40:50","modified_gmt":"2024-03-09T00:40:50","slug":"como-ser-un-buen-rescatista","status":"publish","type":"page","link":"https:\/\/santotomas.tv\/index.php\/como-ser-un-buen-rescatista\/","title":{"rendered":"Como ser un buen rescatista"},"content":{"rendered":"<div  class='flex_column av-twt3kf-1acce74c3551951c5872babff05f5881 av_one_full  avia-builder-el-0  avia-builder-el-no-sibling  first flex_column_div  '     ><p><section  class='av_textblock_section av-leivisc6-812e96b824dc6aab847aa6954c41e176 '   itemscope=\"itemscope\" itemtype=\"https:\/\/schema.org\/CreativeWork\" ><div class='avia_textblock'  itemprop=\"text\" ><p><strong>COMO SER UN BUEN RESCATISTA<\/strong><\/p>\n<\/div><\/section><br \/>\n<div  class='avia-video av-leel1vi6-dcd47e9420657a02134fc998413f358e avia-video-16-9 av-no-preview-image avia-video-load-always av-lazyload-immediate av-lazyload-video-embed'  itemprop=\"video\" itemtype=\"https:\/\/schema.org\/VideoObject\"  data-original_url='https:\/\/vimeo.com\/906192089?share=copy'><script type='text\/html' class='av-video-tmpl'><div class='avia-iframe-wrap'><iframe loading=\"lazy\" title=\"Como ser un buen rescatista\" src=\"https:\/\/player.vimeo.com\/video\/906192089?dnt=1&amp;app_id=122963&autoplay=0&loop=0&controls=1&muted=0\" width=\"1500\" height=\"844\" frameborder=\"0\" allow=\"autoplay; fullscreen; picture-in-picture; clipboard-write\"><\/iframe><\/div><\/script><div class='av-click-to-play-overlay'><div class=\"avia_playpause_icon\"><\/div><\/div><\/div><br \/>\n<section  class='av_textblock_section av-pxfx3j-e48bae30da6cadd2e2fc9f859615ee40 '   itemscope=\"itemscope\" itemtype=\"https:\/\/schema.org\/CreativeWork\" ><div class='avia_textblock'  itemprop=\"text\" ><p>Duraci\u00f3n: <strong>01<\/strong>min <strong>48<\/strong>seg<\/p>\n<p>Producci\u00f3n: Graciela Herrera, Richard Santib\u00e1\u00f1ez<\/p>\n<\/div><\/section><\/p><\/div>\n","protected":false},"excerpt":{"rendered":"","protected":false},"author":7,"featured_media":0,"parent":0,"menu_order":0,"comment_status":"closed","ping_status":"closed","template":"","meta":{"footnotes":""},"class_list":["post-25533","page","type-page","status-publish","hentry"],"_links":{"self":[{"href":"https:\/\/santotomas.tv\/index.php\/wp-json\/wp\/v2\/pages\/25533","targetHints":{"allow":["GET"]}}],"collection":[{"href":"https:\/\/santotomas.tv\/index.php\/wp-json\/wp\/v2\/pages"}],"about":[{"href":"https:\/\/santotomas.tv\/index.php\/wp-json\/wp\/v2\/types\/page"}],"author":[{"embeddable":true,"href":"https:\/\/santotomas.tv\/index.php\/wp-json\/wp\/v2\/users\/7"}],"replies":[{"embeddable":true,"href":"https:\/\/santotomas.tv\/index.php\/wp-json\/wp\/v2\/comments?post=25533"}],"version-history":[{"count":2,"href":"https:\/\/santotomas.tv\/index.php\/wp-json\/wp\/v2\/pages\/25533\/revisions"}],"predecessor-version":[{"id":25623,"href":"https:\/\/santotomas.tv\/index.php\/wp-json\/wp\/v2\/pages\/25533\/revisions\/25623"}],"wp:attachment":[{"href":"https:\/\/santotomas.tv\/index.php\/wp-json\/wp\/v2\/media?parent=25533"}],"curies":[{"name":"wp","href":"https:\/\/api.w.org\/{rel}","templated":true}]}}