{"id":24591,"date":"2023-02-22T13:34:55","date_gmt":"2023-02-22T16:34:55","guid":{"rendered":"https:\/\/santotomas.tv\/?page_id=24591"},"modified":"2023-07-06T13:19:02","modified_gmt":"2023-07-06T16:19:02","slug":"somos-streetwear","status":"publish","type":"page","link":"https:\/\/santotomas.tv\/index.php\/somos-streetwear\/","title":{"rendered":"Somos street wear"},"content":{"rendered":"<div  class='flex_column av-prug3z-93b33b7f2d2606a671ce8b4e8d0d4b55 av_one_full  avia-builder-el-0  avia-builder-el-no-sibling  first flex_column_div  '     ><p><section  class='av_textblock_section av-ljrby7qp-f9d8d4f5d405603cb9d93610f08b50e2 '   itemscope=\"itemscope\" itemtype=\"https:\/\/schema.org\/CreativeWork\" ><div class='avia_textblock'  itemprop=\"text\" ><p>SOMOS STREET WEAR<\/p>\n<\/div><\/section><br \/>\n<div  class='avia-video av-lefym00d-cac51208b889b1de285a9a5accdf6cdd avia-video-16-9 av-no-preview-image avia-video-load-always av-lazyload-immediate av-lazyload-video-embed'  itemprop=\"video\" itemtype=\"https:\/\/schema.org\/VideoObject\"  data-original_url='https:\/\/vimeo.com\/784455747'><script type='text\/html' class='av-video-tmpl'><div class='avia-iframe-wrap'><iframe loading=\"lazy\" title=\"Somos Streetwear\" src=\"https:\/\/player.vimeo.com\/video\/784455747?h=7c69db8dd0&amp;dnt=1&amp;app_id=122963&autoplay=0&loop=0&controls=1&muted=0\" width=\"1500\" height=\"844\" frameborder=\"0\" allow=\"autoplay; fullscreen; picture-in-picture\" allowfullscreen><\/iframe><\/div><\/script><div class='av-click-to-play-overlay'><div class=\"avia_playpause_icon\"><\/div><\/div><\/div><br \/>\n<section  class='av_textblock_section av-ljrbz4ki-0c45a0852aa80d566e7081f205c87768 '   itemscope=\"itemscope\" itemtype=\"https:\/\/schema.org\/CreativeWork\" ><div class='avia_textblock'  itemprop=\"text\" ><p>Duraci\u00f3n:<strong> 11<\/strong>min <strong>04<\/strong>seg<\/p>\n<p>Direcci\u00f3n: Sebasti\u00e1n G\u00f3mez<\/p>\n<\/div><\/section><\/p><\/div>\n","protected":false},"excerpt":{"rendered":"","protected":false},"author":7,"featured_media":0,"parent":0,"menu_order":0,"comment_status":"closed","ping_status":"closed","template":"","meta":{"footnotes":""},"class_list":["post-24591","page","type-page","status-publish","hentry"],"_links":{"self":[{"href":"https:\/\/santotomas.tv\/index.php\/wp-json\/wp\/v2\/pages\/24591","targetHints":{"allow":["GET"]}}],"collection":[{"href":"https:\/\/santotomas.tv\/index.php\/wp-json\/wp\/v2\/pages"}],"about":[{"href":"https:\/\/santotomas.tv\/index.php\/wp-json\/wp\/v2\/types\/page"}],"author":[{"embeddable":true,"href":"https:\/\/santotomas.tv\/index.php\/wp-json\/wp\/v2\/users\/7"}],"replies":[{"embeddable":true,"href":"https:\/\/santotomas.tv\/index.php\/wp-json\/wp\/v2\/comments?post=24591"}],"version-history":[{"count":4,"href":"https:\/\/santotomas.tv\/index.php\/wp-json\/wp\/v2\/pages\/24591\/revisions"}],"predecessor-version":[{"id":24826,"href":"https:\/\/santotomas.tv\/index.php\/wp-json\/wp\/v2\/pages\/24591\/revisions\/24826"}],"wp:attachment":[{"href":"https:\/\/santotomas.tv\/index.php\/wp-json\/wp\/v2\/media?parent=24591"}],"curies":[{"name":"wp","href":"https:\/\/api.w.org\/{rel}","templated":true}]}}